{"id":24,"date":"2025-11-19T18:49:07","date_gmt":"2025-11-19T18:49:07","guid":{"rendered":"https:\/\/kinto3.iesabastos.com\/?page_id=24"},"modified":"2025-11-26T19:33:31","modified_gmt":"2025-11-26T19:33:31","slug":"sobre-nosotros","status":"publish","type":"page","link":"https:\/\/kinto3.iesabastos.com\/index.php\/sobre-nosotros\/","title":{"rendered":"Sobre Nosotros"},"content":{"rendered":"\t\t<div data-elementor-type=\"wp-page\" data-elementor-id=\"24\" class=\"elementor elementor-24\" data-elementor-post-type=\"page\">\n\t\t\t\t<div class=\"elementor-element elementor-element-2492406 e-flex e-con-boxed e-con e-parent\" data-id=\"2492406\" data-element_type=\"container\" data-settings=\"{&quot;background_background&quot;:&quot;classic&quot;}\">\n\t\t\t\t\t<div class=\"e-con-inner\">\n\t\t\t\t<div class=\"elementor-element elementor-element-5103031 elementor-widget elementor-widget-heading\" data-id=\"5103031\" data-element_type=\"widget\" data-widget_type=\"heading.default\">\n\t\t\t\t\t<h1 class=\"elementor-heading-title elementor-size-default\">Sobre Nosotros<\/h1>\t\t\t\t<\/div>\n\t\t\t\t\t<\/div>\n\t\t\t\t<\/div>\n\t\t<div class=\"elementor-element elementor-element-41156fc e-flex e-con-boxed e-con e-parent\" data-id=\"41156fc\" data-element_type=\"container\">\n\t\t\t\t\t<div class=\"e-con-inner\">\n\t\t\t\t<div class=\"elementor-element elementor-element-20ae32b elementor-widget elementor-widget-video\" data-id=\"20ae32b\" data-element_type=\"widget\" data-settings=\"{&quot;video_type&quot;:&quot;hosted&quot;,&quot;controls&quot;:&quot;yes&quot;}\" data-widget_type=\"video.default\">\n\t\t\t\t\t\t\t<div class=\"e-hosted-video elementor-wrapper elementor-open-inline\">\n\t\t\t\t\t<video class=\"elementor-video\" src=\"https:\/\/kinto3.iesabastos.com\/wp-content\/uploads\/2025\/11\/Story-telling-Kinto.mp4\" controls=\"\" preload=\"metadata\" controlsList=\"nodownload\"><\/video>\n\t\t\t\t<\/div>\n\t\t\t\t\t\t<\/div>\n\t\t\t\t\t<\/div>\n\t\t\t\t<\/div>\n\t\t<div class=\"elementor-element elementor-element-cc6e291 e-flex e-con-boxed e-con e-parent\" data-id=\"cc6e291\" data-element_type=\"container\">\n\t\t\t\t\t<div class=\"e-con-inner\">\n\t\t<div class=\"elementor-element elementor-element-ccb9a3d e-con-full e-flex e-con e-child\" data-id=\"ccb9a3d\" data-element_type=\"container\">\n\t\t\t\t<div class=\"elementor-element elementor-element-cae7c8f elementor-widget elementor-widget-text-editor\" data-id=\"cae7c8f\" data-element_type=\"widget\" data-widget_type=\"text-editor.default\">\n\t\t\t\t\t\t\t\t\t<p>Una tarde como otra cualquiera se encontraban tres amigas muy diferentes entre ellas. Con la excusa de la conversaci\u00f3n se abre una botella de vino blanco.<\/p><p>Y as\u00ed surge KINTO, la parte creativa de la empresa esta a cargo de Luc\u00eda S\u00e1nchez. Una chica con amor al mundo de la ilustraci\u00f3n.<\/p><p>Con este concepto fresco se busca atraer a un publico mas joven y ser lo primero en lo que piensen al ir a un bar o sitio de ocio.<\/p><p>Mediante el uso de un quinto, tradicionalmente usado en la cerveza, buscamos que los j\u00f3venes se sientan atra\u00eddos a tomar vino de manera responsable y social.<\/p><p>Ofrecemos un botellin facil de transportar y con un precio justo.<\/p><p>Con KINTO podr\u00e1s disfrutar de una velada de juegos y tomar un vino ideal para adentrarte en el mundillo.\u00a0<\/p><p>\u00a0<\/p>\t\t\t\t\t\t\t\t<\/div>\n\t\t\t\t<\/div>\n\t\t<div class=\"elementor-element elementor-element-61b152c e-con-full e-flex e-con e-child\" data-id=\"61b152c\" data-element_type=\"container\">\n\t\t\t\t<div class=\"elementor-element elementor-element-c6605fd elementor-widget elementor-widget-image\" data-id=\"c6605fd\" data-element_type=\"widget\" data-widget_type=\"image.default\">\n\t\t\t\t\t\t\t\t\t\t\t\t\t\t\t<img fetchpriority=\"high\" decoding=\"async\" width=\"500\" height=\"500\" src=\"https:\/\/kinto3.iesabastos.com\/wp-content\/uploads\/2025\/11\/Atrevete-con-nosotros.png\" class=\"attachment-large size-large wp-image-100\" alt=\"\" srcset=\"https:\/\/kinto3.iesabastos.com\/wp-content\/uploads\/2025\/11\/Atrevete-con-nosotros.png 500w, https:\/\/kinto3.iesabastos.com\/wp-content\/uploads\/2025\/11\/Atrevete-con-nosotros-300x300.png 300w, https:\/\/kinto3.iesabastos.com\/wp-content\/uploads\/2025\/11\/Atrevete-con-nosotros-100x100.png 100w, https:\/\/kinto3.iesabastos.com\/wp-content\/uploads\/2025\/11\/Atrevete-con-nosotros-150x150.png 150w\" sizes=\"(max-width: 500px) 100vw, 500px\" \/>\t\t\t\t\t\t\t\t\t\t\t\t\t\t\t<\/div>\n\t\t\t\t<\/div>\n\t\t\t\t\t<\/div>\n\t\t\t\t<\/div>\n\t\t<div class=\"elementor-element elementor-element-da33b3a e-flex e-con-boxed e-con e-parent\" data-id=\"da33b3a\" data-element_type=\"container\">\n\t\t\t\t\t<div class=\"e-con-inner\">\n\t\t\t\t\t<\/div>\n\t\t\t\t<\/div>\n\t\t<div class=\"elementor-element elementor-element-48b70e7 e-flex e-con-boxed e-con e-parent\" data-id=\"48b70e7\" data-element_type=\"container\">\n\t\t\t\t\t<div class=\"e-con-inner\">\n\t\t\t\t<div class=\"elementor-element elementor-element-8cdc7ff elementor-widget elementor-widget-image\" data-id=\"8cdc7ff\" data-element_type=\"widget\" data-widget_type=\"image.default\">\n\t\t\t\t\t\t\t\t\t\t\t\t\t\t\t<img decoding=\"async\" width=\"800\" height=\"534\" src=\"https:\/\/kinto3.iesabastos.com\/wp-content\/uploads\/2025\/11\/ChatGPT-Image-26-nov-2025-20_28_17-1024x683.png\" class=\"attachment-large size-large wp-image-101\" alt=\"vino\" srcset=\"https:\/\/kinto3.iesabastos.com\/wp-content\/uploads\/2025\/11\/ChatGPT-Image-26-nov-2025-20_28_17-1024x683.png 1024w, https:\/\/kinto3.iesabastos.com\/wp-content\/uploads\/2025\/11\/ChatGPT-Image-26-nov-2025-20_28_17-600x400.png 600w, https:\/\/kinto3.iesabastos.com\/wp-content\/uploads\/2025\/11\/ChatGPT-Image-26-nov-2025-20_28_17-300x200.png 300w, https:\/\/kinto3.iesabastos.com\/wp-content\/uploads\/2025\/11\/ChatGPT-Image-26-nov-2025-20_28_17-768x512.png 768w, https:\/\/kinto3.iesabastos.com\/wp-content\/uploads\/2025\/11\/ChatGPT-Image-26-nov-2025-20_28_17.png 1536w\" sizes=\"(max-width: 800px) 100vw, 800px\" \/>\t\t\t\t\t\t\t\t\t\t\t\t\t\t\t<\/div>\n\t\t\t\t\t<\/div>\n\t\t\t\t<\/div>\n\t\t<div class=\"elementor-element elementor-element-11e5138 e-flex e-con-boxed e-con e-parent\" data-id=\"11e5138\" data-element_type=\"container\">\n\t\t\t\t\t<div class=\"e-con-inner\">\n\t\t\t\t<div class=\"elementor-element elementor-element-6e6e893 elementor-widget elementor-widget-image\" data-id=\"6e6e893\" data-element_type=\"widget\" data-widget_type=\"image.default\">\n\t\t\t\t\t\t\t\t\t\t\t\t\t\t\t<img decoding=\"async\" width=\"800\" height=\"266\" src=\"https:\/\/kinto3.iesabastos.com\/wp-content\/uploads\/2025\/11\/Encabezado-Facebook-Foto-Montana-1024x341.png\" class=\"attachment-large size-large wp-image-102\" alt=\"\" srcset=\"https:\/\/kinto3.iesabastos.com\/wp-content\/uploads\/2025\/11\/Encabezado-Facebook-Foto-Montana-1024x341.png 1024w, https:\/\/kinto3.iesabastos.com\/wp-content\/uploads\/2025\/11\/Encabezado-Facebook-Foto-Montana-600x200.png 600w, https:\/\/kinto3.iesabastos.com\/wp-content\/uploads\/2025\/11\/Encabezado-Facebook-Foto-Montana-300x100.png 300w, https:\/\/kinto3.iesabastos.com\/wp-content\/uploads\/2025\/11\/Encabezado-Facebook-Foto-Montana-768x256.png 768w, https:\/\/kinto3.iesabastos.com\/wp-content\/uploads\/2025\/11\/Encabezado-Facebook-Foto-Montana.png 1500w\" sizes=\"(max-width: 800px) 100vw, 800px\" \/>\t\t\t\t\t\t\t\t\t\t\t\t\t\t\t<\/div>\n\t\t\t\t\t<\/div>\n\t\t\t\t<\/div>\n\t\t\t\t<\/div>\n\t\t","protected":false},"excerpt":{"rendered":"<p>Sobre Nosotros https:\/\/kinto3.iesabastos.com\/wp-content\/uploads\/2025\/11\/Story-telling-Kinto.mp4 Una tarde como otra cualquiera se encontraban tres amigas muy diferentes entre ellas. Con la excusa de la conversaci\u00f3n se abre una botella de vino blanco. Y as\u00ed surge KINTO, la parte creativa de la empresa esta a cargo de Luc\u00eda S\u00e1nchez. Una chica con amor al mundo de la ilustraci\u00f3n. Con [&hellip;]<\/p>\n","protected":false},"author":1,"featured_media":0,"parent":0,"menu_order":0,"comment_status":"closed","ping_status":"closed","template":"","meta":{"footnotes":""},"class_list":["post-24","page","type-page","status-publish","hentry"],"yoast_head":"<!-- This site is optimized with the Yoast SEO plugin v26.4 - https:\/\/yoast.com\/wordpress\/plugins\/seo\/ -->\n<title>Sobre Nosotros - KINTO<\/title>\n<meta name=\"robots\" content=\"index, follow, max-snippet:-1, max-image-preview:large, max-video-preview:-1\" \/>\n<link rel=\"canonical\" href=\"https:\/\/kinto3.iesabastos.com\/index.php\/sobre-nosotros\/\" \/>\n<meta property=\"og:locale\" content=\"es_ES\" \/>\n<meta property=\"og:type\" content=\"article\" \/>\n<meta property=\"og:title\" content=\"Sobre Nosotros - KINTO\" \/>\n<meta property=\"og:description\" content=\"Sobre Nosotros https:\/\/kinto3.iesabastos.com\/wp-content\/uploads\/2025\/11\/Story-telling-Kinto.mp4 Una tarde como otra cualquiera se encontraban tres amigas muy diferentes entre ellas. Con la excusa de la conversaci\u00f3n se abre una botella de vino blanco. Y as\u00ed surge KINTO, la parte creativa de la empresa esta a cargo de Luc\u00eda S\u00e1nchez. Una chica con amor al mundo de la ilustraci\u00f3n. Con [&hellip;]\" \/>\n<meta property=\"og:url\" content=\"https:\/\/kinto3.iesabastos.com\/index.php\/sobre-nosotros\/\" \/>\n<meta property=\"og:site_name\" content=\"KINTO\" \/>\n<meta property=\"article:modified_time\" content=\"2025-11-26T19:33:31+00:00\" \/>\n<meta property=\"og:image\" content=\"https:\/\/kinto3.iesabastos.com\/wp-content\/uploads\/2025\/11\/Atrevete-con-nosotros.png\" \/>\n\t<meta property=\"og:image:width\" content=\"500\" \/>\n\t<meta property=\"og:image:height\" content=\"500\" \/>\n\t<meta property=\"og:image:type\" content=\"image\/png\" \/>\n<meta name=\"twitter:card\" content=\"summary_large_image\" \/>\n<meta name=\"twitter:label1\" content=\"Tiempo de lectura\" \/>\n\t<meta name=\"twitter:data1\" content=\"1 minuto\" \/>\n<script type=\"application\/ld+json\" class=\"yoast-schema-graph\">{\"@context\":\"https:\/\/schema.org\",\"@graph\":[{\"@type\":\"WebPage\",\"@id\":\"https:\/\/kinto3.iesabastos.com\/index.php\/sobre-nosotros\/\",\"url\":\"https:\/\/kinto3.iesabastos.com\/index.php\/sobre-nosotros\/\",\"name\":\"Sobre Nosotros - KINTO\",\"isPartOf\":{\"@id\":\"https:\/\/kinto3.iesabastos.com\/#website\"},\"primaryImageOfPage\":{\"@id\":\"https:\/\/kinto3.iesabastos.com\/index.php\/sobre-nosotros\/#primaryimage\"},\"image\":{\"@id\":\"https:\/\/kinto3.iesabastos.com\/index.php\/sobre-nosotros\/#primaryimage\"},\"thumbnailUrl\":\"https:\/\/kinto3.iesabastos.com\/wp-content\/uploads\/2025\/11\/Atrevete-con-nosotros.png\",\"datePublished\":\"2025-11-19T18:49:07+00:00\",\"dateModified\":\"2025-11-26T19:33:31+00:00\",\"breadcrumb\":{\"@id\":\"https:\/\/kinto3.iesabastos.com\/index.php\/sobre-nosotros\/#breadcrumb\"},\"inLanguage\":\"es\",\"potentialAction\":[{\"@type\":\"ReadAction\",\"target\":[\"https:\/\/kinto3.iesabastos.com\/index.php\/sobre-nosotros\/\"]}]},{\"@type\":\"ImageObject\",\"inLanguage\":\"es\",\"@id\":\"https:\/\/kinto3.iesabastos.com\/index.php\/sobre-nosotros\/#primaryimage\",\"url\":\"https:\/\/kinto3.iesabastos.com\/wp-content\/uploads\/2025\/11\/Atrevete-con-nosotros.png\",\"contentUrl\":\"https:\/\/kinto3.iesabastos.com\/wp-content\/uploads\/2025\/11\/Atrevete-con-nosotros.png\",\"width\":500,\"height\":500},{\"@type\":\"BreadcrumbList\",\"@id\":\"https:\/\/kinto3.iesabastos.com\/index.php\/sobre-nosotros\/#breadcrumb\",\"itemListElement\":[{\"@type\":\"ListItem\",\"position\":1,\"name\":\"Portada\",\"item\":\"https:\/\/kinto3.iesabastos.com\/\"},{\"@type\":\"ListItem\",\"position\":2,\"name\":\"Sobre Nosotros\"}]},{\"@type\":\"WebSite\",\"@id\":\"https:\/\/kinto3.iesabastos.com\/#website\",\"url\":\"https:\/\/kinto3.iesabastos.com\/\",\"name\":\"KINTO\",\"description\":\"\u201cDestapa la felicidad\u201d\",\"publisher\":{\"@id\":\"https:\/\/kinto3.iesabastos.com\/#organization\"},\"potentialAction\":[{\"@type\":\"SearchAction\",\"target\":{\"@type\":\"EntryPoint\",\"urlTemplate\":\"https:\/\/kinto3.iesabastos.com\/?s={search_term_string}\"},\"query-input\":{\"@type\":\"PropertyValueSpecification\",\"valueRequired\":true,\"valueName\":\"search_term_string\"}}],\"inLanguage\":\"es\"},{\"@type\":\"Organization\",\"@id\":\"https:\/\/kinto3.iesabastos.com\/#organization\",\"name\":\"KINTO\",\"url\":\"https:\/\/kinto3.iesabastos.com\/\",\"logo\":{\"@type\":\"ImageObject\",\"inLanguage\":\"es\",\"@id\":\"https:\/\/kinto3.iesabastos.com\/#\/schema\/logo\/image\/\",\"url\":\"https:\/\/kinto3.iesabastos.com\/wp-content\/uploads\/2026\/02\/cropped-logo-removebg-preview.png\",\"contentUrl\":\"https:\/\/kinto3.iesabastos.com\/wp-content\/uploads\/2026\/02\/cropped-logo-removebg-preview.png\",\"width\":237,\"height\":207,\"caption\":\"KINTO\"},\"image\":{\"@id\":\"https:\/\/kinto3.iesabastos.com\/#\/schema\/logo\/image\/\"}}]}<\/script>\n<!-- \/ Yoast SEO plugin. -->","yoast_head_json":{"title":"Sobre Nosotros - KINTO","robots":{"index":"index","follow":"follow","max-snippet":"max-snippet:-1","max-image-preview":"max-image-preview:large","max-video-preview":"max-video-preview:-1"},"canonical":"https:\/\/kinto3.iesabastos.com\/index.php\/sobre-nosotros\/","og_locale":"es_ES","og_type":"article","og_title":"Sobre Nosotros - KINTO","og_description":"Sobre Nosotros https:\/\/kinto3.iesabastos.com\/wp-content\/uploads\/2025\/11\/Story-telling-Kinto.mp4 Una tarde como otra cualquiera se encontraban tres amigas muy diferentes entre ellas. Con la excusa de la conversaci\u00f3n se abre una botella de vino blanco. Y as\u00ed surge KINTO, la parte creativa de la empresa esta a cargo de Luc\u00eda S\u00e1nchez. Una chica con amor al mundo de la ilustraci\u00f3n. Con [&hellip;]","og_url":"https:\/\/kinto3.iesabastos.com\/index.php\/sobre-nosotros\/","og_site_name":"KINTO","article_modified_time":"2025-11-26T19:33:31+00:00","og_image":[{"width":500,"height":500,"url":"https:\/\/kinto3.iesabastos.com\/wp-content\/uploads\/2025\/11\/Atrevete-con-nosotros.png","type":"image\/png"}],"twitter_card":"summary_large_image","twitter_misc":{"Tiempo de lectura":"1 minuto"},"schema":{"@context":"https:\/\/schema.org","@graph":[{"@type":"WebPage","@id":"https:\/\/kinto3.iesabastos.com\/index.php\/sobre-nosotros\/","url":"https:\/\/kinto3.iesabastos.com\/index.php\/sobre-nosotros\/","name":"Sobre Nosotros - KINTO","isPartOf":{"@id":"https:\/\/kinto3.iesabastos.com\/#website"},"primaryImageOfPage":{"@id":"https:\/\/kinto3.iesabastos.com\/index.php\/sobre-nosotros\/#primaryimage"},"image":{"@id":"https:\/\/kinto3.iesabastos.com\/index.php\/sobre-nosotros\/#primaryimage"},"thumbnailUrl":"https:\/\/kinto3.iesabastos.com\/wp-content\/uploads\/2025\/11\/Atrevete-con-nosotros.png","datePublished":"2025-11-19T18:49:07+00:00","dateModified":"2025-11-26T19:33:31+00:00","breadcrumb":{"@id":"https:\/\/kinto3.iesabastos.com\/index.php\/sobre-nosotros\/#breadcrumb"},"inLanguage":"es","potentialAction":[{"@type":"ReadAction","target":["https:\/\/kinto3.iesabastos.com\/index.php\/sobre-nosotros\/"]}]},{"@type":"ImageObject","inLanguage":"es","@id":"https:\/\/kinto3.iesabastos.com\/index.php\/sobre-nosotros\/#primaryimage","url":"https:\/\/kinto3.iesabastos.com\/wp-content\/uploads\/2025\/11\/Atrevete-con-nosotros.png","contentUrl":"https:\/\/kinto3.iesabastos.com\/wp-content\/uploads\/2025\/11\/Atrevete-con-nosotros.png","width":500,"height":500},{"@type":"BreadcrumbList","@id":"https:\/\/kinto3.iesabastos.com\/index.php\/sobre-nosotros\/#breadcrumb","itemListElement":[{"@type":"ListItem","position":1,"name":"Portada","item":"https:\/\/kinto3.iesabastos.com\/"},{"@type":"ListItem","position":2,"name":"Sobre Nosotros"}]},{"@type":"WebSite","@id":"https:\/\/kinto3.iesabastos.com\/#website","url":"https:\/\/kinto3.iesabastos.com\/","name":"KINTO","description":"\u201cDestapa la felicidad\u201d","publisher":{"@id":"https:\/\/kinto3.iesabastos.com\/#organization"},"potentialAction":[{"@type":"SearchAction","target":{"@type":"EntryPoint","urlTemplate":"https:\/\/kinto3.iesabastos.com\/?s={search_term_string}"},"query-input":{"@type":"PropertyValueSpecification","valueRequired":true,"valueName":"search_term_string"}}],"inLanguage":"es"},{"@type":"Organization","@id":"https:\/\/kinto3.iesabastos.com\/#organization","name":"KINTO","url":"https:\/\/kinto3.iesabastos.com\/","logo":{"@type":"ImageObject","inLanguage":"es","@id":"https:\/\/kinto3.iesabastos.com\/#\/schema\/logo\/image\/","url":"https:\/\/kinto3.iesabastos.com\/wp-content\/uploads\/2026\/02\/cropped-logo-removebg-preview.png","contentUrl":"https:\/\/kinto3.iesabastos.com\/wp-content\/uploads\/2026\/02\/cropped-logo-removebg-preview.png","width":237,"height":207,"caption":"KINTO"},"image":{"@id":"https:\/\/kinto3.iesabastos.com\/#\/schema\/logo\/image\/"}}]}},"_links":{"self":[{"href":"https:\/\/kinto3.iesabastos.com\/index.php\/wp-json\/wp\/v2\/pages\/24","targetHints":{"allow":["GET"]}}],"collection":[{"href":"https:\/\/kinto3.iesabastos.com\/index.php\/wp-json\/wp\/v2\/pages"}],"about":[{"href":"https:\/\/kinto3.iesabastos.com\/index.php\/wp-json\/wp\/v2\/types\/page"}],"author":[{"embeddable":true,"href":"https:\/\/kinto3.iesabastos.com\/index.php\/wp-json\/wp\/v2\/users\/1"}],"replies":[{"embeddable":true,"href":"https:\/\/kinto3.iesabastos.com\/index.php\/wp-json\/wp\/v2\/comments?post=24"}],"version-history":[{"count":5,"href":"https:\/\/kinto3.iesabastos.com\/index.php\/wp-json\/wp\/v2\/pages\/24\/revisions"}],"predecessor-version":[{"id":110,"href":"https:\/\/kinto3.iesabastos.com\/index.php\/wp-json\/wp\/v2\/pages\/24\/revisions\/110"}],"wp:attachment":[{"href":"https:\/\/kinto3.iesabastos.com\/index.php\/wp-json\/wp\/v2\/media?parent=24"}],"curies":[{"name":"wp","href":"https:\/\/api.w.org\/{rel}","templated":true}]}}